{"id":606,"date":"2022-07-18T13:21:33","date_gmt":"2022-07-18T11:21:33","guid":{"rendered":"https:\/\/www.ammer.com\/vseobecne-podminky\/"},"modified":"2023-05-21T11:17:14","modified_gmt":"2023-05-21T09:17:14","slug":"vseobecne-podminky","status":"publish","type":"page","link":"https:\/\/www.ammer.com\/cs\/vseobecne-podminky\/","title":{"rendered":"V\u0161eobecn\u00e9 podm\u00ednky"},"content":{"rendered":"<h2>1 P\u0159edm\u011bt zak\u00e1zky, prov\u00e1d\u011bn\u00ed<\/h2>\n<p>Person\u00e1ln\u00ed agentura do\u010dasn\u011b poskytuje klientovi zam\u011bstnance v dohodnut\u00e9m m\u00edst\u011b nasazen\u00ed na z\u00e1klad\u011b smlouvy o pron\u00e1jmu zam\u011bstnanc\u016f podle n\u00ed\u017ee uveden\u00fdch v\u0161eobecn\u00fdch smluvn\u00edch podm\u00ednek &#8211; pron\u00e1jem zam\u011bstnanc\u016f (AVA). Rozporn\u00e9 podm\u00ednky klienta se uzn\u00e1vaj\u00ed pouze tehdy, pokud jsou v souladu s AVA nebo pokud je person\u00e1ln\u00ed agentura v\u00fdslovn\u011b p\u00edsemn\u011b potvrdila.<\/p>\n<p>1.1. Zam\u011bstnanci poskytovan\u00ed poskytovatelem person\u00e1ln\u00edch slu\u017eeb jsou vyb\u00edr\u00e1ni podle profilu profesn\u00edch po\u017eadavk\u016f popsan\u00e9ho klientem a mohou b\u00fdt nasazeni pouze ve smluvn\u011b dohodnut\u00e9 oblasti \u010dinnosti. Klient m\u00e1 zejm\u00e9na zak\u00e1z\u00e1no d\u00e1vat zam\u011bstnanc\u016fm pokyny k p\u0159eprav\u011b, manipulaci nebo vyb\u00edr\u00e1n\u00ed pen\u011bz a jin\u00fdch platebn\u00edch prost\u0159edk\u016f.<\/p>\n<p>1.2. B\u011bhem v\u00fdkonu pr\u00e1ce v prostor\u00e1ch klienta se zam\u011bstnanci \u0159\u00edd\u00ed pokyny klienta a pracuj\u00ed pod jeho dohledem a veden\u00edm. Mezi klientem a zam\u011bstnancem nevznik\u00e1 smluvn\u00ed vztah. Dohody o druhu a d\u00e9lce pr\u00e1ce, pracovn\u00ed dob\u011b a dal\u0161\u00edch ujedn\u00e1n\u00edch jsou \u00fa\u010dinn\u00e9 pouze tehdy, pokud byly uzav\u0159eny s poskytovatelem person\u00e1ln\u00edch slu\u017eeb.<\/p>\n<h2>2. bezpe\u010dnost a ochrana zdrav\u00ed p\u0159i pr\u00e1ci<\/h2>\n<p>2.1. B\u011bhem pracovn\u00edho nasazen\u00ed p\u0159eb\u00edr\u00e1 klient v\u016f\u010di zam\u011bstnanci povinnosti p\u00e9\u010de zam\u011bstnavatele. Zajist\u00ed, aby na pracovi\u0161ti zam\u011bstnance byly dodr\u017eov\u00e1ny platn\u00e9 p\u0159edpisy o prevenci \u00faraz\u016f a bezpe\u010dnosti a ochran\u011b zdrav\u00ed p\u0159i pr\u00e1ci, jako\u017e i z\u00e1konem povolen\u00e9 limity pracovn\u00ed doby a aby byly zaji\u0161t\u011bny prost\u0159edky a opat\u0159en\u00ed &#8220;prvn\u00ed pomoci&#8221;. Pokud \u010dinnost zam\u011bstnance vy\u017eaduje pracovn\u011bl\u00e9ka\u0159skou prohl\u00eddku, provede ji z\u00e1kazn\u00edk p\u0159ed zah\u00e1jen\u00edm \u010dinnosti.<\/p>\n<p>2.2. Pokud m\u00e1 b\u00fdt zam\u011bstnanec nasazen v dob\u011b nebo ve dnech, kdy je zam\u011bstn\u00e1n\u00ed p\u0159\u00edpustn\u00e9 pouze se zvl\u00e1\u0161tn\u00edm \u00fa\u0159edn\u00edm povolen\u00edm, mus\u00ed z\u00e1kazn\u00edk z\u00edskat takov\u00e9 povolen\u00ed p\u0159ed nasazen\u00edm v takov\u00e9 dob\u011b nebo v takov\u00fdch dnech. Z\u00e1kazn\u00edk mus\u00ed zam\u011bstnance p\u0159ed n\u00e1stupem do zam\u011bstn\u00e1n\u00ed na pracovi\u0161ti pou\u010dit a informovat ho o konkr\u00e9tn\u00edch rizic\u00edch vykon\u00e1van\u00e9 \u010dinnosti a o opat\u0159en\u00edch k jejich odvr\u00e1cen\u00ed.<\/p>\n<p>2.3. Z\u00e1kazn\u00edk je povinen kontrolovat dodr\u017eov\u00e1n\u00ed p\u0159edpis\u016f na ochranu zam\u011bstnanc\u016f. V\u00fd\u0161e uveden\u00fdmi povinnostmi nejsou dot\u010deny povinnosti poskytovatele person\u00e1ln\u00edch slu\u017eeb. Za \u00fa\u010delem pln\u011bn\u00ed povinnost\u00ed zam\u011bstnavatele m\u00e1 poskytovatel person\u00e1ln\u00edch slu\u017eeb pr\u00e1vo p\u0159\u00edstupu na pracovi\u0161t\u011b pronajat\u00fdch zam\u011bstnanc\u016f kdykoli b\u011bhem pracovn\u00ed doby.<\/p>\n<p>2.4. Klient je povinen neprodlen\u011b nahl\u00e1sit poskytovateli person\u00e1ln\u00edch slu\u017eeb ka\u017ed\u00fd pracovn\u00ed \u00faraz. Pracovn\u00ed \u00farazy, kter\u00e9 podl\u00e9haj\u00ed ohl\u00e1\u0161en\u00ed, mus\u00ed b\u00fdt neprodlen\u011b nahl\u00e1\u0161eny poji\u0161\u0165ovn\u011b odpov\u011bdnosti zam\u011bstnavatele prost\u0159ednictv\u00edm hl\u00e1\u0161en\u00ed o \u00farazu. Objednatel za\u0161le kopii z\u00e1znamu o nehod\u011b poji\u0161\u0165ovn\u011b odpov\u011bdnosti zam\u011bstnavatele, kter\u00e1 je odpov\u011bdn\u00e1 za jeho spole\u010dnost.<\/p>\n<p>2.5. Pokud zam\u011bstnanec opr\u00e1vn\u011bn\u011b odm\u00edtne nastoupit nebo pokra\u010dovat v \u010dinnosti v p\u0159\u00edpad\u011b vadn\u00fdch nebo neexistuj\u00edc\u00edch bezpe\u010dnostn\u00edch za\u0159\u00edzen\u00ed, vybaven\u00ed nebo ochrann\u00fdch od\u011bv\u016f, odpov\u00edd\u00e1 za vzniklou ztr\u00e1tu mzdy z\u00e1kazn\u00edk.<\/p>\n<h2>3. diskr\u00e9tnost<\/h2>\n<p>Poskytovatel person\u00e1ln\u00edch slu\u017eeb i pronajat\u00fd zam\u011bstnanec jsou povinni zachov\u00e1vat ml\u010denlivost o v\u0161ech obchodn\u00edch z\u00e1le\u017eitostech klienta.<\/p>\n<h2>4. odm\u00edtnut\u00ed<\/h2>\n<p>4.1. Pokud klient nen\u00ed s v\u00fdkonem pracovn\u00edka spokojen, m\u016f\u017ee jej odm\u00edtnout do 4 hodin od zah\u00e1jen\u00ed pr\u00e1ce.<\/p>\n<p>4.2. Klient m\u016f\u017ee zam\u011bstnance s okam\u017eitou platnost\u00ed odm\u00edtnout, pokud existuje d\u016fvod, kter\u00fd by zam\u011bstnavatele oprav\u0148oval k mimo\u0159\u00e1dn\u00e9 v\u00fdpov\u011bdi (\u00a7 626 BGB).<\/p>\n<p>4.3. Odm\u00edtnut\u00ed mus\u00ed b\u00fdt v ka\u017ed\u00e9m p\u0159\u00edpad\u011b u\u010din\u011bno p\u00edsemn\u00fdm prohl\u00e1\u0161en\u00edm poskytovateli person\u00e1ln\u00edch slu\u017eeb s uveden\u00edm d\u016fvod\u016f.<\/p>\n<h2>5. v\u00fdm\u011bna zam\u011bstnance<\/h2>\n<p>5.1. V p\u0159\u00edpadech odm\u00edtnut\u00ed podle bodu 4.1 je poskytovatel person\u00e1ln\u00edch slu\u017eeb opr\u00e1vn\u011bn zajistit jin\u00e9ho zam\u011bstnance na stejn\u00e9 odborn\u00e9 \u00farovni. Tato povinnost se v\u0161ak na poskytovatele person\u00e1ln\u00edch slu\u017eeb vztahuje pouze v p\u0159\u00edpad\u011b, \u017ee odm\u00edtnut\u00e9ho zam\u011bstnance \u0159\u00e1dn\u011b nevybral.<\/p>\n<p>5.2. Poskytovatel person\u00e1ln\u00edch slu\u017eeb je d\u00e1le opr\u00e1vn\u011bn kdykoli nahradit pronajat\u00e9ho zam\u011bstnance z intern\u00edch, organiza\u010dn\u00edch nebo pr\u00e1vn\u00edch d\u016fvod\u016f a zajistit technicky rovnocenn\u00e9ho zam\u011bstnance.<\/p>\n<h2>6. odm\u011bny \/ p\u0159\u00edplatky<\/h2>\n<p>6.1. Pro vy\u00fa\u010dtov\u00e1n\u00ed je rozhoduj\u00edc\u00ed hodinov\u00e1 sazba sjednan\u00e1 ve smlouv\u011b o pron\u00e1jmu zam\u011bstnanc\u016f. Z\u00e1kladem je 35hodinov\u00fd pracovn\u00ed t\u00fdden.<\/p>\n<p>6.2. Pokud si klient p\u0159eje pr\u00e1ci p\u0159es\u010das, no\u010dn\u00ed pr\u00e1ci, pr\u00e1ci v ned\u011bli nebo ve sv\u00e1tek, je nutn\u00e1 p\u0159edchoz\u00ed dohoda s poskytovatelem person\u00e1ln\u00edch slu\u017eeb. V t\u011bchto p\u0159\u00edpadech budou \u00fa\u010dtov\u00e1ny n\u00e1sleduj\u00edc\u00ed p\u0159\u00edplatky:<br \/>\na) P\u0159es\u010dasy 25%<br \/>\nb) No\u010dn\u00ed pr\u00e1ce 20%<br \/>\nc) P\u0159\u00edplatek za pr\u00e1ci v ned\u011bli, pr\u00e1ci ve sv\u00e1tek 50 %.<br \/>\nd) P\u0159\u00edplatek za pr\u00e1ci na 1. kv\u011btna, Velikono\u010dn\u00ed ned\u011bli, V\u00e1noce, Nov\u00fd rok 100 %.<\/p>\n<h2>7. fakturace \/ platebn\u00ed podm\u00ednky<\/h2>\n<p>7.1. Faktury jsou z\u00e1kazn\u00edkovi zas\u00edl\u00e1ny jednou t\u00fddn\u011b, nejm\u00e9n\u011b v\u0161ak jednou m\u011bs\u00ed\u010dn\u011b. Podkladem pro vy\u00fa\u010dtov\u00e1n\u00ed jsou v\u00fdkazy pracovn\u00ed doby zam\u011bstnance, kter\u00e9 podepisuje klient. \u010casov\u00e9 v\u00fdkazy jsou klientovi p\u0159edkl\u00e1d\u00e1ny t\u00fddn\u011b, na konci kalend\u00e1\u0159n\u00edho m\u011bs\u00edce nebo bezprost\u0159edn\u011b po dokon\u010den\u00ed \u00fakolu. Faktury vystaven\u00e9 poskytovatelem person\u00e1ln\u00edch slu\u017eeb jsou splatn\u00e9 okam\u017eit\u011b a bez sr\u00e1\u017eky. Zam\u011bstnanec nem\u00e1 n\u00e1rok na z\u00e1lohy ani jin\u00e9 platby.<\/p>\n<p>7.2. Pokud je klient v prodlen\u00ed s platbou, je person\u00e1ln\u00ed agentura opr\u00e1vn\u011bna prohl\u00e1sit v\u0161echny neuhrazen\u00e9 faktury &#8211; v\u010detn\u011b faktur s odlo\u017eenou splatnost\u00ed &#8211; za okam\u017eit\u011b splatn\u00e9 a po\u017eadovat od klienta okam\u017eitou \u00fahradu nebo slo\u017een\u00ed jistoty. Poskytovatel person\u00e1ln\u00edch slu\u017eeb je z\u00e1rove\u0148 opr\u00e1vn\u011bn zadr\u017eet pracovn\u00edky, kter\u00e9 m\u00e1 poskytnout, a\u017e do doby, ne\u017e bude platba vypo\u0159\u00e1d\u00e1na.<\/p>\n<h2>8. zprost\u0159edkov\u00e1n\u00ed<\/h2>\n<p>8.1. Pokud klient uzav\u0159e s pronajat\u00fdm zam\u011bstnancem pracovn\u00ed pom\u011br v pr\u016fb\u011bhu st\u00e1vaj\u00edc\u00edho leasingov\u00e9ho vztahu nebo bezprost\u0159edn\u011b po n\u011bm, je poskytovatel person\u00e1ln\u00edch slu\u017eeb opr\u00e1vn\u011bn \u00fa\u010dtovat leasingov\u00fd poplatek ve v\u00fd\u0161i 12 % ro\u010dn\u00edho p\u0159\u00edjmu pronajat\u00e9ho zam\u011bstnance plus DPH. z\u00e1konn\u00e9 DPH.<\/p>\n<p>8.2. Odm\u011bna se sni\u017euje o 1\/12 za ka\u017ed\u00fd m\u011bs\u00edc p\u0159id\u011blen\u00ed a je splatn\u00e1 p\u0159i uzav\u0159en\u00ed pracovn\u00ed smlouvy mezi zam\u011bstnancem a klientem.<\/p>\n<h2>9. zapo\u010dten\u00ed \/ zadr\u017een\u00ed<\/h2>\n<p>Klient nen\u00ed opr\u00e1vn\u011bn zapo\u010d\u00edst nebo uplatnit v\u016f\u010di person\u00e1ln\u00ed agentu\u0159e zadr\u017eovac\u00ed pr\u00e1vo, pokud nen\u00ed protin\u00e1rok nesporn\u00fd nebo nebyl pr\u00e1vn\u011b prok\u00e1z\u00e1n.<\/p>\n<h2>10 Z\u00e1ruka \/ odpov\u011bdnost<\/h2>\n<p>10.1. Poskytovatel person\u00e1ln\u00edch slu\u017eeb odpov\u00edd\u00e1 pouze za bezchybn\u00fd v\u00fdb\u011br sv\u00fdch zam\u011bstnanc\u016f pro sjednanou \u010dinnost. Neodpov\u00edd\u00e1 za proveden\u00ed pr\u00e1ce zam\u011bstnancem ani za \u0161kody zp\u016fsoben\u00e9 zam\u011bstnancem p\u0159i pln\u011bn\u00ed jeho povinnost\u00ed. Klient je povinen od\u0161kodnit person\u00e1ln\u00ed agenturu za ve\u0161ker\u00e9 n\u00e1roky t\u0159et\u00edch stran v souvislosti s v\u00fdkonem a prov\u00e1d\u011bn\u00edm \u010dinnost\u00ed p\u0159id\u011blen\u00fdch pronajat\u00e9mu zam\u011bstnanci.<\/p>\n<p>10.2. Poskytovatel person\u00e1ln\u00edch slu\u017eeb odpov\u00edd\u00e1 za \u0161kody vznikl\u00e9 v d\u016fsledku \u00fajmy na \u017eivot\u011b, zdrav\u00ed nebo zdrav\u00ed v souladu se z\u00e1konn\u00fdmi ustanoven\u00edmi v p\u0159\u00edpad\u011b vlastn\u00edho zavin\u011bn\u00ed.<\/p>\n<p>10.3. Poskytovatel person\u00e1ln\u00edch slu\u017eeb odpov\u00edd\u00e1 za v\u0161echny ostatn\u00ed \u0161kody pouze v p\u0159\u00edpad\u011b vlastn\u00edho zavin\u011bn\u00ed v p\u0159\u00edpad\u011b \u00famyslu a hrub\u00e9 nedbalosti. Odpov\u011bdnost za lehkou\/b\u011b\u017enou nedbalost je vylou\u010dena. To plat\u00ed jak pro odpov\u011bdnost za pe\u010dliv\u00fd v\u00fdb\u011br zam\u011bstnance, tak pro v\u0161echny ostatn\u00ed p\u0159\u00edpady (prodlen\u00ed, nemo\u017enost, pozitivn\u00ed poru\u0161en\u00ed smlouvy, culpa in contrahendo atd.).<\/p>\n<p>10.4. Pokud person\u00e1ln\u00ed agentura poru\u0161\u00ed povinnost vypl\u00fdvaj\u00edc\u00ed ze smlouvy o pron\u00e1jmu zam\u011bstnanc\u016f, mus\u00ed klient prok\u00e1zat a dolo\u017eit, \u017ee za poru\u0161en\u00ed povinnosti je odpov\u011bdn\u00e1 person\u00e1ln\u00ed agentura.<\/p>\n<h2>11 Ukon\u010den\u00ed<\/h2>\n<p>11.1. Pokud smlouva nebyla uzav\u0159ena na dobu ur\u010ditou, m\u016f\u017ee ji kter\u00e1koli ze stran vypov\u011bd\u011bt s v\u00fdpov\u011bdn\u00ed lh\u016ftou 5 pracovn\u00edch dn\u016f na p\u0159\u00edslu\u0161n\u00fd v\u00edkend.<\/p>\n<p>11.2. M\u00e1 poskytovatel person\u00e1ln\u00edch slu\u017eeb v p\u0159\u00edpadech uveden\u00fdch v odst. 5.1. nevyu\u017eije sv\u00e9ho pr\u00e1va zam\u011bstnance nahradit, m\u016f\u017ee b\u00fdt smlouva vypov\u011bzena kteroukoli stranou bez v\u00fdpov\u011bdn\u00ed doby.<\/p>\n<p>11.3. Person\u00e1ln\u00ed agentura je rovn\u011b\u017e opr\u00e1vn\u011bna vypov\u011bd\u011bt smlouvu bez v\u00fdpov\u011bdn\u00ed doby, pokud klient v p\u0159\u00edpad\u011b prodlen\u00ed s platbou nebo v\u00fdrazn\u00e9ho zhor\u0161en\u00ed sv\u00e9 finan\u010dn\u00ed situace nevyhov\u00ed \u017e\u00e1dosti v souladu s \u010dl\u00e1nkem. 7.2. nen\u00ed v souladu. T\u00edm nejsou dot\u010deny jin\u00e9 n\u00e1roky poskytovatele person\u00e1ln\u00edch slu\u017eeb na n\u00e1hradu \u0161kody.<\/p>\n<p>11.4. Jak\u00e9koli ukon\u010den\u00ed smlouvy mus\u00ed b\u00fdt p\u00edsemn\u00e9. V\u00fdpov\u011b\u010f ze strany klienta je \u00fa\u010dinn\u00e1 pouze tehdy, je-li p\u0159ed\u00e1na poskytovateli person\u00e1ln\u00edch slu\u017eeb. V\u00fdpov\u011b\u010f dan\u00e1 pouze zam\u011bstnanci je neplatn\u00e1.<\/p>\n<h2>12. z\u00e1v\u011bre\u010dn\u00e1 ustanoven\u00ed<\/h2>\n<p>12.1. D\u00edl\u010d\u00ed dohody a zm\u011bny smlouvy mus\u00ed m\u00edt p\u00edsemnou formu, aby byly \u00fa\u010dinn\u00e9.<\/p>\n<p>12.2. Pokud je klient obchodn\u00edkem, je v\u00fdlu\u010dn\u00fdm m\u00edstem soudn\u00ed p\u0159\u00edslu\u0161nosti pro v\u0161echny spory vypl\u00fdvaj\u00edc\u00ed p\u0159\u00edmo nebo nep\u0159\u00edmo ze smluvn\u00edho vztahu s\u00eddlo poskytovatele person\u00e1ln\u00edch slu\u017eeb.<\/p>\n","protected":false},"excerpt":{"rendered":"<p>1 P\u0159edm\u011bt zak\u00e1zky, prov\u00e1d\u011bn\u00ed Person\u00e1ln\u00ed agentura do\u010dasn\u011b poskytuje klientovi zam\u011bstnance v dohodnut\u00e9m m\u00edst\u011b nasazen\u00ed na z\u00e1klad\u011b smlouvy o pron\u00e1jmu zam\u011bstnanc\u016f podle n\u00ed\u017ee uveden\u00fdch v\u0161eobecn\u00fdch smluvn\u00edch podm\u00ednek &#8211; pron\u00e1jem zam\u011bstnanc\u016f (AVA). Rozporn\u00e9 podm\u00ednky klienta se uzn\u00e1vaj\u00ed pouze tehdy, pokud jsou v souladu s AVA nebo pokud je person\u00e1ln\u00ed agentura v\u00fdslovn\u011b p\u00edsemn\u011b potvrdila. 1.1. Zam\u011bstnanci poskytovan\u00ed poskytovatelem [&hellip;]<\/p>\n","protected":false},"author":2,"featured_media":0,"parent":0,"menu_order":0,"comment_status":"closed","ping_status":"closed","template":"page-legal.php","meta":{"_acf_changed":false,"footnotes":""},"class_list":["post-606","page","type-page","status-publish","hentry"],"acf":[],"_links":{"self":[{"href":"https:\/\/www.ammer.com\/cs\/wp-json\/wp\/v2\/pages\/606","targetHints":{"allow":["GET"]}}],"collection":[{"href":"https:\/\/www.ammer.com\/cs\/wp-json\/wp\/v2\/pages"}],"about":[{"href":"https:\/\/www.ammer.com\/cs\/wp-json\/wp\/v2\/types\/page"}],"author":[{"embeddable":true,"href":"https:\/\/www.ammer.com\/cs\/wp-json\/wp\/v2\/users\/2"}],"replies":[{"embeddable":true,"href":"https:\/\/www.ammer.com\/cs\/wp-json\/wp\/v2\/comments?post=606"}],"version-history":[{"count":2,"href":"https:\/\/www.ammer.com\/cs\/wp-json\/wp\/v2\/pages\/606\/revisions"}],"predecessor-version":[{"id":739,"href":"https:\/\/www.ammer.com\/cs\/wp-json\/wp\/v2\/pages\/606\/revisions\/739"}],"wp:attachment":[{"href":"https:\/\/www.ammer.com\/cs\/wp-json\/wp\/v2\/media?parent=606"}],"curies":[{"name":"wp","href":"https:\/\/api.w.org\/{rel}","templated":true}]}}