{"id":659,"date":"2022-07-18T13:24:12","date_gmt":"2022-07-18T11:24:12","guid":{"rendered":"https:\/\/www.ammer.com\/personalni-pozadavek\/"},"modified":"2023-05-21T11:16:06","modified_gmt":"2023-05-21T09:16:06","slug":"personalni-pozadavek","status":"publish","type":"page","link":"https:\/\/www.ammer.com\/cs\/personalni-pozadavek\/","title":{"rendered":"Person\u00e1ln\u00ed po\u017eadavek"},"content":{"rendered":"","protected":false},"excerpt":{"rendered":"","protected":false},"author":2,"featured_media":0,"parent":0,"menu_order":0,"comment_status":"closed","ping_status":"closed","template":"page-personalanfrage.php","meta":{"_acf_changed":false,"footnotes":""},"class_list":["post-659","page","type-page","status-publish","hentry"],"acf":[],"_links":{"self":[{"href":"https:\/\/www.ammer.com\/cs\/wp-json\/wp\/v2\/pages\/659","targetHints":{"allow":["GET"]}}],"collection":[{"href":"https:\/\/www.ammer.com\/cs\/wp-json\/wp\/v2\/pages"}],"about":[{"href":"https:\/\/www.ammer.com\/cs\/wp-json\/wp\/v2\/types\/page"}],"author":[{"embeddable":true,"href":"https:\/\/www.ammer.com\/cs\/wp-json\/wp\/v2\/users\/2"}],"replies":[{"embeddable":true,"href":"https:\/\/www.ammer.com\/cs\/wp-json\/wp\/v2\/comments?post=659"}],"version-history":[{"count":2,"href":"https:\/\/www.ammer.com\/cs\/wp-json\/wp\/v2\/pages\/659\/revisions"}],"predecessor-version":[{"id":738,"href":"https:\/\/www.ammer.com\/cs\/wp-json\/wp\/v2\/pages\/659\/revisions\/738"}],"wp:attachment":[{"href":"https:\/\/www.ammer.com\/cs\/wp-json\/wp\/v2\/media?parent=659"}],"curies":[{"name":"wp","href":"https:\/\/api.w.org\/{rel}","templated":true}]}}